{"id":1471,"date":"2020-02-05T18:14:44","date_gmt":"2020-02-05T18:14:44","guid":{"rendered":"https:\/\/thebaronhirschcommunity.org\/?page_id=1471"},"modified":"2020-05-17T21:29:52","modified_gmt":"2020-05-17T21:29:52","slug":"book-the-speaker","status":"publish","type":"page","link":"https:\/\/thebaronhirschcommunity.org\/es\/book-the-speaker\/","title":{"rendered":"Menonitas, reyes polacos, zar rusos y magnates jud\u00edos"},"content":{"rendered":"<p class=\"has-medium-font-size wp-block-paragraph\">\u00bfC\u00f3mo resultaron sus esfuerzos en las comunidades jud\u00edas agr\u00edcolas en Am\u00e9rica del Norte y del Sur?<\/p>\n\n\n\n<p class=\"wp-block-paragraph\">Desc\u00fabrelo por <a href=\"https:\/\/thebaronhirschcommunity.org\/es\/contact-us\/\">CONTACTO <\/a><a href=\"https:\/\/wordpress.com\/block-editor\/page\/thebaronhirschcommunity.org\/1476\">NOS<\/a>. Puede solicitar una reserva, enviar una consulta o solicitar una llamada telef\u00f3nica.<\/p>\n\n\n\n<p class=\"wp-block-paragraph\">Verifique la disponibilidad de reserva en el <a href=\"https:\/\/thebaronhirschcommunity.org\/es\/my-calendar\/\">calendario<\/a>. <\/p>\n\n\n\n<div class=\"wp-block-image\"><figure class=\"alignleft size-large is-resized\"><img data-recalc-dims=\"1\" loading=\"lazy\" decoding=\"async\" data-attachment-id=\"1800\" data-permalink=\"https:\/\/thebaronhirschcommunity.org\/es\/book-the-speaker\/merrie_blocker_05\/\" data-orig-file=\"https:\/\/i0.wp.com\/thebaronhirschcommunity.org\/wp-content\/uploads\/2020\/02\/Merrie_Blocker_05.jpeg?fit=480%2C489&amp;ssl=1\" data-orig-size=\"480,489\" data-comments-opened=\"1\" data-image-meta=\"{&quot;aperture&quot;:&quot;4.5&quot;,&quot;credit&quot;:&quot;&quot;,&quot;camera&quot;:&quot;X-T2&quot;,&quot;caption&quot;:&quot;&quot;,&quot;created_timestamp&quot;:&quot;1581510733&quot;,&quot;copyright&quot;:&quot;&quot;,&quot;focal_length&quot;:&quot;56&quot;,&quot;iso&quot;:&quot;200&quot;,&quot;shutter_speed&quot;:&quot;0.016666666666667&quot;,&quot;title&quot;:&quot;&quot;,&quot;orientation&quot;:&quot;1&quot;}\" data-image-title=\"Merrie_Blocker_05\" data-image-description=\"\" data-image-caption=\"\" data-large-file=\"https:\/\/i0.wp.com\/thebaronhirschcommunity.org\/wp-content\/uploads\/2020\/02\/Merrie_Blocker_05.jpeg?fit=480%2C489&amp;ssl=1\" src=\"https:\/\/i0.wp.com\/thebaronhirschcommunity.org\/wp-content\/uploads\/2020\/02\/Merrie_Blocker_05.jpeg?resize=239%2C243&#038;ssl=1\" alt=\"\" class=\"wp-image-1800\" width=\"239\" height=\"243\" srcset=\"https:\/\/i0.wp.com\/thebaronhirschcommunity.org\/wp-content\/uploads\/2020\/02\/Merrie_Blocker_05.jpeg?w=480&amp;ssl=1 480w, https:\/\/i0.wp.com\/thebaronhirschcommunity.org\/wp-content\/uploads\/2020\/02\/Merrie_Blocker_05.jpeg?resize=294%2C300&amp;ssl=1 294w\" sizes=\"auto, (max-width: 239px) 100vw, 239px\" \/><\/figure><\/div>\n\n\n\n<p class=\"wp-block-paragraph\">Reserva <a href=\"https:\/\/thebaronhirschcommunity.org\/es\/merrie-blocker-creator\/\">Merrie Blocker<\/a> proporcionar\u00e1 a su grupo un evento fascinante que vincula la historia de los jud\u00edos del sur de Brasil con los inmigrantes jud\u00edos de Am\u00e9rica del Norte. Descubra por qu\u00e9 todos cruzaron el Atl\u00e1ntico, por qu\u00e9 los reyes polacos, los zares rusos y los jud\u00edos ricos de Europa occidental ve\u00edan a las comunidades agr\u00edcolas como la soluci\u00f3n a la &quot;Cuesti\u00f3n jud\u00eda&quot;, y lo que les sucedi\u00f3 a los miles de jud\u00edos que se unieron a estas colonias en Canad\u00e1. Estados Unidos y el sur de Brasil. <\/p>\n\n\n\n<p class=\"wp-block-paragraph\">Adem\u00e1s, aprenda sobre la nueva traducci\u00f3n de Merrie de <em><strong>En una clara ma\u00f1ana de abril<\/strong>,&nbsp;<strong> <\/strong><\/em>La primera obra literaria que refleja la comunidad jud\u00eda brasile\u00f1a, que finalmente es <a href=\"https:\/\/www.amazon.com\/Clear-April-Morning-Journey-American\/dp\/1644692988\/ref=tmm_pap_swatch_0?_encoding=UTF8&amp;qid=1584907169&amp;sr=8-1\">disponible <\/a>en ingl\u00e9s. Esta l\u00edrica y fascinante historia de la mayor\u00eda de edad, de Marcos Iolovitch, se desarrolla entre los primeros 20<sup>th<\/sup>&nbsp;Los colonos jud\u00edos del siglo llevaron a un experimento agr\u00edcola desconocido en un rinc\u00f3n aislado del hemisferio sur.  <\/p>\n\n\n\n<div class=\"wp-block-image\"><figure class=\"alignleft size-large is-resized\"><img data-recalc-dims=\"1\" loading=\"lazy\" decoding=\"async\" data-attachment-id=\"1442\" data-permalink=\"https:\/\/thebaronhirschcommunity.org\/es\/on-a-clear-april-morning\/attachment\/9781644692981\/\" data-orig-file=\"https:\/\/i0.wp.com\/thebaronhirschcommunity.org\/wp-content\/uploads\/2020\/02\/9781644692981.jpg?fit=1842%2C2763&amp;ssl=1\" data-orig-size=\"1842,2763\" data-comments-opened=\"1\" data-image-meta=\"{&quot;aperture&quot;:&quot;0&quot;,&quot;credit&quot;:&quot;&quot;,&quot;camera&quot;:&quot;&quot;,&quot;caption&quot;:&quot;&quot;,&quot;created_timestamp&quot;:&quot;0&quot;,&quot;copyright&quot;:&quot;&quot;,&quot;focal_length&quot;:&quot;0&quot;,&quot;iso&quot;:&quot;0&quot;,&quot;shutter_speed&quot;:&quot;0&quot;,&quot;title&quot;:&quot;&quot;,&quot;orientation&quot;:&quot;0&quot;}\" data-image-title=\"9781644692981\" data-image-description=\"\" data-image-caption=\"\" data-large-file=\"https:\/\/i0.wp.com\/thebaronhirschcommunity.org\/wp-content\/uploads\/2020\/02\/9781644692981.jpg?fit=676%2C1014&amp;ssl=1\" src=\"https:\/\/i0.wp.com\/thebaronhirschcommunity.org\/wp-content\/uploads\/2020\/02\/9781644692981.jpg?resize=192%2C288&#038;ssl=1\" alt=\"\" class=\"wp-image-1442\" width=\"192\" height=\"288\" srcset=\"https:\/\/i0.wp.com\/thebaronhirschcommunity.org\/wp-content\/uploads\/2020\/02\/9781644692981.jpg?resize=683%2C1024&amp;ssl=1 683w, https:\/\/i0.wp.com\/thebaronhirschcommunity.org\/wp-content\/uploads\/2020\/02\/9781644692981.jpg?resize=200%2C300&amp;ssl=1 200w, https:\/\/i0.wp.com\/thebaronhirschcommunity.org\/wp-content\/uploads\/2020\/02\/9781644692981.jpg?resize=768%2C1152&amp;ssl=1 768w, https:\/\/i0.wp.com\/thebaronhirschcommunity.org\/wp-content\/uploads\/2020\/02\/9781644692981.jpg?resize=1024%2C1536&amp;ssl=1 1024w, https:\/\/i0.wp.com\/thebaronhirschcommunity.org\/wp-content\/uploads\/2020\/02\/9781644692981.jpg?resize=1365%2C2048&amp;ssl=1 1365w, https:\/\/i0.wp.com\/thebaronhirschcommunity.org\/wp-content\/uploads\/2020\/02\/9781644692981.jpg?resize=666%2C999&amp;ssl=1 666w, https:\/\/i0.wp.com\/thebaronhirschcommunity.org\/wp-content\/uploads\/2020\/02\/9781644692981.jpg?w=1842&amp;ssl=1 1842w\" sizes=\"auto, (max-width: 192px) 100vw, 192px\" \/><\/figure><\/div>\n\n\n\n<p class=\"wp-block-paragraph\">Esta novela autobiogr\u00e1fica est\u00e1 llena de drama, alegr\u00eda, desastre, romance y humor mientras el joven h\u00e9roe viaja desde una granja, donde los cultivos no crecer\u00edan, hasta pueblos donde este joven de habla yiddish se enamora, estudia filosof\u00eda con los jesuitas. , y se convierte en un miembro importante del mundo literario de Brasil. <strong>Vea el prefacio y el primer cap\u00edtulo <a href=\"https:\/\/thebaronhirschcommunity.org\/es\/preface-and-chapter-1\/\">aqu\u00ed<\/a><\/strong><\/p>\n\n\n\n<p class=\"wp-block-paragraph\"><\/p>\n\n\n\n<div class=\"wp-block-button\"><a class=\"wp-block-button__link\" href=\"https:\/\/thebaronhirschcommunity.org\/es\/contact-us\/\">Cont\u00e1ctenos<\/a><\/div>","protected":false},"excerpt":{"rendered":"<p>How Did Their Efforts Result in Jewish Farming Communities in both North and South America? Find out by CONTACTING US. You can ask for a booking, send an inquiry or request a phone call. Check booking availability on the calendar. Booking Merrie Blocker will provide your group with a fascinating event linking the history of &hellip; <a href=\"https:\/\/thebaronhirschcommunity.org\/es\/book-the-speaker\/\" class=\"more-link\">Continue reading <span class=\"screen-reader-text\">Menonitas, reyes polacos, zar rusos y magnates jud\u00edos<\/span><\/a><\/p>","protected":false},"author":1,"featured_media":0,"parent":0,"menu_order":0,"comment_status":"closed","ping_status":"closed","template":"","meta":{"_coblocks_attr":"","_coblocks_dimensions":"","_coblocks_responsive_height":"","_coblocks_accordion_ie_support":"","_crdt_document":"","_mc_calendar":[],"footnotes":""},"class_list":["post-1471","page","type-page","status-publish","hentry"],"yoast_head":"<!-- This site is optimized with the Yoast SEO Premium plugin v26.8 (Yoast SEO v27.4) - https:\/\/yoast.com\/product\/yoast-seo-premium-wordpress\/ -->\n<title>Mennonites, Polish Kings, Russian Czars &amp; Jewish Magnates - The Baron Hirsch Jewish Farmers Community<\/title>\n<meta name=\"robots\" content=\"index, follow, max-snippet:-1, max-image-preview:large, max-video-preview:-1\" \/>\n<link rel=\"canonical\" href=\"https:\/\/thebaronhirschcommunity.org\/es\/book-the-speaker\/\" \/>\n<meta property=\"og:locale\" content=\"es_ES\" \/>\n<meta property=\"og:type\" content=\"article\" \/>\n<meta property=\"og:title\" content=\"Mennonites, Polish Kings, Russian Czars &amp; Jewish Magnates\" \/>\n<meta property=\"og:description\" content=\"How Did Their Efforts Result in Jewish Farming Communities in both North and South America? Find out by CONTACTING US. You can ask for a booking, send an inquiry or request a phone call. Check booking availability on the calendar. Booking Merrie Blocker will provide your group with a fascinating event linking the history of &hellip; Continue reading Mennonites, Polish Kings, Russian Czars &#038; Jewish Magnates\" \/>\n<meta property=\"og:url\" content=\"https:\/\/thebaronhirschcommunity.org\/es\/book-the-speaker\/\" \/>\n<meta property=\"og:site_name\" content=\"The Baron Hirsch Jewish Farmers Community\" \/>\n<meta property=\"article:modified_time\" content=\"2020-05-17T21:29:52+00:00\" \/>\n<meta property=\"og:image\" content=\"https:\/\/thebaronhirschcommunity.org\/wp-content\/uploads\/2020\/02\/Merrie_Blocker_05.jpeg\" \/>\n<meta name=\"twitter:card\" content=\"summary_large_image\" \/>\n<meta name=\"twitter:label1\" content=\"Tiempo de lectura\" \/>\n\t<meta name=\"twitter:data1\" content=\"1 minuto\" \/>\n<script type=\"application\/ld+json\" class=\"yoast-schema-graph\">{\"@context\":\"https:\\\/\\\/schema.org\",\"@graph\":[{\"@type\":\"WebPage\",\"@id\":\"https:\\\/\\\/thebaronhirschcommunity.org\\\/book-the-speaker\\\/\",\"url\":\"https:\\\/\\\/thebaronhirschcommunity.org\\\/book-the-speaker\\\/\",\"name\":\"Mennonites, Polish Kings, Russian Czars & Jewish Magnates - The Baron Hirsch Jewish Farmers Community\",\"isPartOf\":{\"@id\":\"https:\\\/\\\/thebaronhirschcommunity.org\\\/#website\"},\"primaryImageOfPage\":{\"@id\":\"https:\\\/\\\/thebaronhirschcommunity.org\\\/book-the-speaker\\\/#primaryimage\"},\"image\":{\"@id\":\"https:\\\/\\\/thebaronhirschcommunity.org\\\/book-the-speaker\\\/#primaryimage\"},\"thumbnailUrl\":\"https:\\\/\\\/thebaronhirschcommunity.org\\\/wp-content\\\/uploads\\\/2020\\\/02\\\/Merrie_Blocker_05.jpeg\",\"datePublished\":\"2020-02-05T18:14:44+00:00\",\"dateModified\":\"2020-05-17T21:29:52+00:00\",\"breadcrumb\":{\"@id\":\"https:\\\/\\\/thebaronhirschcommunity.org\\\/book-the-speaker\\\/#breadcrumb\"},\"inLanguage\":\"es-AR\",\"potentialAction\":[{\"@type\":\"ReadAction\",\"target\":[\"https:\\\/\\\/thebaronhirschcommunity.org\\\/book-the-speaker\\\/\"]}]},{\"@type\":\"ImageObject\",\"inLanguage\":\"es-AR\",\"@id\":\"https:\\\/\\\/thebaronhirschcommunity.org\\\/book-the-speaker\\\/#primaryimage\",\"url\":\"https:\\\/\\\/thebaronhirschcommunity.org\\\/wp-content\\\/uploads\\\/2020\\\/02\\\/Merrie_Blocker_05.jpeg\",\"contentUrl\":\"https:\\\/\\\/thebaronhirschcommunity.org\\\/wp-content\\\/uploads\\\/2020\\\/02\\\/Merrie_Blocker_05.jpeg\"},{\"@type\":\"BreadcrumbList\",\"@id\":\"https:\\\/\\\/thebaronhirschcommunity.org\\\/book-the-speaker\\\/#breadcrumb\",\"itemListElement\":[{\"@type\":\"ListItem\",\"position\":1,\"name\":\"Home\",\"item\":\"https:\\\/\\\/thebaronhirschcommunity.org\\\/\"},{\"@type\":\"ListItem\",\"position\":2,\"name\":\"Mennonites, Polish Kings, Russian Czars &#038; Jewish Magnates\"}]},{\"@type\":\"WebSite\",\"@id\":\"https:\\\/\\\/thebaronhirschcommunity.org\\\/#website\",\"url\":\"https:\\\/\\\/thebaronhirschcommunity.org\\\/\",\"name\":\"The Baron Hirsch Jewish Farmers Community\",\"description\":\"Finding Stories of Jewish Farmers in the New World and their Descendants Worldwide\",\"potentialAction\":[{\"@type\":\"SearchAction\",\"target\":{\"@type\":\"EntryPoint\",\"urlTemplate\":\"https:\\\/\\\/thebaronhirschcommunity.org\\\/?s={search_term_string}\"},\"query-input\":{\"@type\":\"PropertyValueSpecification\",\"valueRequired\":true,\"valueName\":\"search_term_string\"}}],\"inLanguage\":\"es-AR\"}]}<\/script>\n<!-- \/ Yoast SEO Premium plugin. -->","yoast_head_json":{"title":"Mennonites, Polish Kings, Russian Czars & Jewish Magnates - The Baron Hirsch Jewish Farmers Community","robots":{"index":"index","follow":"follow","max-snippet":"max-snippet:-1","max-image-preview":"max-image-preview:large","max-video-preview":"max-video-preview:-1"},"canonical":"https:\/\/thebaronhirschcommunity.org\/es\/book-the-speaker\/","og_locale":"es_ES","og_type":"article","og_title":"Mennonites, Polish Kings, Russian Czars & Jewish Magnates","og_description":"How Did Their Efforts Result in Jewish Farming Communities in both North and South America? Find out by CONTACTING US. You can ask for a booking, send an inquiry or request a phone call. Check booking availability on the calendar. Booking Merrie Blocker will provide your group with a fascinating event linking the history of &hellip; Continue reading Mennonites, Polish Kings, Russian Czars &#038; Jewish Magnates","og_url":"https:\/\/thebaronhirschcommunity.org\/es\/book-the-speaker\/","og_site_name":"The Baron Hirsch Jewish Farmers Community","article_modified_time":"2020-05-17T21:29:52+00:00","og_image":[{"url":"https:\/\/thebaronhirschcommunity.org\/wp-content\/uploads\/2020\/02\/Merrie_Blocker_05.jpeg","type":"","width":"","height":""}],"twitter_card":"summary_large_image","twitter_misc":{"Tiempo de lectura":"1 minuto"},"schema":{"@context":"https:\/\/schema.org","@graph":[{"@type":"WebPage","@id":"https:\/\/thebaronhirschcommunity.org\/book-the-speaker\/","url":"https:\/\/thebaronhirschcommunity.org\/book-the-speaker\/","name":"Mennonites, Polish Kings, Russian Czars & Jewish Magnates - The Baron Hirsch Jewish Farmers Community","isPartOf":{"@id":"https:\/\/thebaronhirschcommunity.org\/#website"},"primaryImageOfPage":{"@id":"https:\/\/thebaronhirschcommunity.org\/book-the-speaker\/#primaryimage"},"image":{"@id":"https:\/\/thebaronhirschcommunity.org\/book-the-speaker\/#primaryimage"},"thumbnailUrl":"https:\/\/thebaronhirschcommunity.org\/wp-content\/uploads\/2020\/02\/Merrie_Blocker_05.jpeg","datePublished":"2020-02-05T18:14:44+00:00","dateModified":"2020-05-17T21:29:52+00:00","breadcrumb":{"@id":"https:\/\/thebaronhirschcommunity.org\/book-the-speaker\/#breadcrumb"},"inLanguage":"es-AR","potentialAction":[{"@type":"ReadAction","target":["https:\/\/thebaronhirschcommunity.org\/book-the-speaker\/"]}]},{"@type":"ImageObject","inLanguage":"es-AR","@id":"https:\/\/thebaronhirschcommunity.org\/book-the-speaker\/#primaryimage","url":"https:\/\/thebaronhirschcommunity.org\/wp-content\/uploads\/2020\/02\/Merrie_Blocker_05.jpeg","contentUrl":"https:\/\/thebaronhirschcommunity.org\/wp-content\/uploads\/2020\/02\/Merrie_Blocker_05.jpeg"},{"@type":"BreadcrumbList","@id":"https:\/\/thebaronhirschcommunity.org\/book-the-speaker\/#breadcrumb","itemListElement":[{"@type":"ListItem","position":1,"name":"Home","item":"https:\/\/thebaronhirschcommunity.org\/"},{"@type":"ListItem","position":2,"name":"Mennonites, Polish Kings, Russian Czars &#038; Jewish Magnates"}]},{"@type":"WebSite","@id":"https:\/\/thebaronhirschcommunity.org\/#website","url":"https:\/\/thebaronhirschcommunity.org\/","name":"La comunidad de agricultores jud\u00edos del bar\u00f3n Hirsch","description":"Encontrar historias de agricultores jud\u00edos en el nuevo mundo y sus descendientes en todo el mundo","potentialAction":[{"@type":"SearchAction","target":{"@type":"EntryPoint","urlTemplate":"https:\/\/thebaronhirschcommunity.org\/?s={search_term_string}"},"query-input":{"@type":"PropertyValueSpecification","valueRequired":true,"valueName":"search_term_string"}}],"inLanguage":"es-AR"}]}},"jetpack_sharing_enabled":true,"jetpack_shortlink":"https:\/\/wp.me\/P8AcCB-nJ","jetpack_likes_enabled":true,"amp_enabled":true,"_links":{"self":[{"href":"https:\/\/thebaronhirschcommunity.org\/es\/wp-json\/wp\/v2\/pages\/1471","targetHints":{"allow":["GET"]}}],"collection":[{"href":"https:\/\/thebaronhirschcommunity.org\/es\/wp-json\/wp\/v2\/pages"}],"about":[{"href":"https:\/\/thebaronhirschcommunity.org\/es\/wp-json\/wp\/v2\/types\/page"}],"author":[{"embeddable":true,"href":"https:\/\/thebaronhirschcommunity.org\/es\/wp-json\/wp\/v2\/users\/1"}],"replies":[{"embeddable":true,"href":"https:\/\/thebaronhirschcommunity.org\/es\/wp-json\/wp\/v2\/comments?post=1471"}],"version-history":[{"count":38,"href":"https:\/\/thebaronhirschcommunity.org\/es\/wp-json\/wp\/v2\/pages\/1471\/revisions"}],"predecessor-version":[{"id":2586,"href":"https:\/\/thebaronhirschcommunity.org\/es\/wp-json\/wp\/v2\/pages\/1471\/revisions\/2586"}],"wp:attachment":[{"href":"https:\/\/thebaronhirschcommunity.org\/es\/wp-json\/wp\/v2\/media?parent=1471"}],"curies":[{"name":"wp","href":"https:\/\/api.w.org\/{rel}","templated":true}]}}