{"id":1509,"date":"2020-02-06T14:20:28","date_gmt":"2020-02-06T14:20:28","guid":{"rendered":"https:\/\/thebaronhirschcommunity.org\/my-calendar\/"},"modified":"2020-03-20T20:46:27","modified_gmt":"2020-03-20T20:46:27","slug":"my-calendar","status":"publish","type":"page","link":"https:\/\/thebaronhirschcommunity.org\/es\/my-calendar\/","title":{"rendered":"Disponibilidad de reserva"},"content":{"rendered":"<h5>Todas las fechas vac\u00edas est\u00e1n disponibles para presentaciones de reserva<\/h5>\n<p><a href=\"https:\/\/thebaronhirschcommunity.org\/es\/contact-us\/\">CONT\u00c1CTENOS <\/a>\u00a0 para solicitar una reserva, enviar una consulta o solicitar una llamada telef\u00f3nica<\/p>\n<h5>\r\n<div id='availability-calendar' class='mc-main mcjs listjs gridjs minijs ajaxjs twentyeighteen calendar month availability-calendar has-modal is-main-view' ><h2 id=\"mc_head_availability-calendar\" class=\"heading my-calendar-month\"><span>Events in mayo 2026<\/span><\/h2>\n\n<nav class=\"my-calendar-navigation\" aria-label=\"Calendar (top)\">\n<div class=\"my-calendar-header\"><div class='mc-format'>\r\n\t\t<ul><li><button type='button' id='mc_grid-availability-calendar' data-href='https:\/\/thebaronhirschcommunity.org\/es\/my-calendar\/?format=calendar' aria-pressed=\"true\" class='mc-navigation-button mc-grid-option mc-active'><span class='mc-icon' aria-hidden='true'><\/span><span class=\"maybe-hide\">View as <\/span>Grid<\/button><\/li><li><button type='button' id='mc_list-availability-calendar' data-href='https:\/\/thebaronhirschcommunity.org\/es\/my-calendar\/?format=list'  class='mc-navigation-button mc-list-option'><span class='mc-icon' aria-hidden='true'><\/span><span class=\"maybe-hide\">View as <\/span>List<\/button><\/li><\/ul>\r\n\t\t<\/div><div class='mc-time'><ul><li><button type='button' id='mc_month-availability-calendar' data-href='https:\/\/thebaronhirschcommunity.org\/es\/my-calendar\/?cid=availability-calendar&#038;time=month' class='mc-navigation-button month mc-active' aria-pressed='true'>Month<\/button><\/li><li><button type='button' id='mc_week-availability-calendar' data-href='https:\/\/thebaronhirschcommunity.org\/es\/my-calendar\/?cid=availability-calendar&#038;dy=11&#038;month=5&#038;time=week&#038;yr=2026' class='mc-navigation-button week'>Week<\/button><\/li><li><button type='button' id='mc_day-availability-calendar' data-href='https:\/\/thebaronhirschcommunity.org\/es\/my-calendar\/?cid=availability-calendar&#038;dy=11&#038;time=day' class='mc-navigation-button day'>Day<\/button><li><\/ul><\/div><div class=\"my-calendar-date-switcher\"><form class=\"mc-date-switcher\" action=\"https:\/\/thebaronhirschcommunity.org\/es\/wp-json\/wp\/v2\/pages\/1509\/\" method=\"get\" data-trp-original-action=\"https:\/\/thebaronhirschcommunity.org\/es\/wp-json\/wp\/v2\/pages\/1509\/\"><div><input type=\"hidden\" name=\"cid\" value=\"availability-calendar\" \/> <label class=\"maybe-hide\" for=\"availability-calendar-month\">Month<\/label> <select id=\"availability-calendar-month\" name=\"month\">\n<option value='1'>enero<\/option>\n<option value='2'>febrero<\/option>\n<option value='3'>marzo<\/option>\n<option value='4'>abril<\/option>\n<option value='5' selected='selected'>mayonesa<\/option>\n<option value='6'>junio<\/option>\n<option value='7'>julio<\/option>\n<option value='8'>agosto<\/option>\n<option value='9'>septiembre<\/option>\n<option value='10'>octubre<\/option>\n<option value='11'>noviembre<\/option>\n<option value='12'>diciembre<\/option>\n<\/select>\n <label class=\"maybe-hide\" for=\"availability-calendar-year\">Year<\/label> <select id=\"availability-calendar-year\" name=\"yr\">\n<option value=\"2020\">2020<\/option>\n<option value=\"2021\">2021<\/option>\n<option value=\"2022\">2022<\/option>\n<option value=\"2023\">2023<\/option>\n<option value=\"2024\">2024<\/option>\n<option value=\"2025\">2025<\/option>\n<option value=\"2026\" selected='selected'>2026<\/option>\n<\/select> <input type=\"submit\" class=\"button\" id=\"availability-calendar-button\" value=\"Go\" \/><\/div><input type=\"hidden\" name=\"trp-form-language\" value=\"es\"\/><\/form><\/div>\r\n\t\t<div class=\"my-calendar-nav\">\r\n\t\t\t<ul>\r\n\t\t\t\t<li class=\"my-calendar-prev\"><button type=\"button\" class=\"mc-navigation-button\" id=\"mc_previous_availability-calendar\" data-href=\"https:\/\/thebaronhirschcommunity.org\/es\/my-calendar\/?cid=availability-calendar&#038;dy&#038;month=4&#038;time=month&#038;yr=2026\"><span class=\"mc-icon\" aria-hidden=\"true\"><\/span><span class=\"maybe-hide\">Previous <\/span><\/button><\/li><li class=\"my-calendar-today\"><button type=\"button\" id=\"mc_today_availability-calendar\" data-href=\"https:\/\/thebaronhirschcommunity.org\/es\/my-calendar\/?cid=availability-calendar\" class=\"mc-navigation-button today mc-active\" aria-current=\"true\"><span class=\"mc-icon\" aria-hidden=\"true\"><\/span>Today<\/button><\/li>\r\n\t\t\t<\/ul>\r\n\t\t<\/div><\/div>\n<\/nav>\n<div class=\"mc-content\">\n<table class='my-calendar-table' aria-labelledby='mc_head_availability-calendar'>\n<thead>\n\t<tr class='mc-row'>\n\t\t<th scope=\"col\" class='day-heading mon'><abbr title=\"lunes\" aria-hidden=\"true\">lun<\/abbr><span class=\"screen-reader-text\">lunes<\/span><\/th>\n\n\t\t<th scope=\"col\" class='day-heading tues'><abbr title=\"martes\" aria-hidden=\"true\">mar<\/abbr><span class=\"screen-reader-text\">martes<\/span><\/th>\n\n\t\t<th scope=\"col\" class='day-heading wed'><abbr title=\"mi\u00e9rcoles\" aria-hidden=\"true\">mi\u00e9<\/abbr><span class=\"screen-reader-text\">mi\u00e9rcoles<\/span><\/th>\n\n\t\t<th scope=\"col\" class='day-heading thur'><abbr title=\"jueves\" aria-hidden=\"true\">jue<\/abbr><span class=\"screen-reader-text\">jueves<\/span><\/th>\n\n\t\t<th scope=\"col\" class='day-heading fri'><abbr title=\"viernes\" aria-hidden=\"true\">rivalizar<\/abbr><span class=\"screen-reader-text\">viernes<\/span><\/th>\n\n\t\t<th scope=\"col\" class='weekend-heading sat'><abbr title=\"s\u00e1bado\" aria-hidden=\"true\">s\u00e1b<\/abbr><span class=\"screen-reader-text\">s\u00e1bado<\/span><\/th>\n\n\t\t<th scope=\"col\" class='weekend-heading sun'><abbr title=\"domingo\" aria-hidden=\"true\">dom<\/abbr><span class=\"screen-reader-text\">domingo<\/span><\/th>\n\t<\/tr>\n<\/thead>\n<tbody>\n<tr class='mc-row'><td class='no-events lunes lun past-day past-date  nextmonth no-events day-with-date'><div class='mc-date-container'><span class='mc-date no-events'><span aria-hidden='true'>27<\/span><span class='screen-reader-text'>abril 27, 2026<\/span><\/span><\/div>\n<\/td>\n<td class='no-events martes mar past-day past-date  nextmonth no-events day-with-date'><div class='mc-date-container'><span class='mc-date no-events'><span aria-hidden='true'>28<\/span><span class='screen-reader-text'>abril 28, 2026<\/span><\/span><\/div>\n<\/td>\n<td class='no-events mircoles mi past-day past-date  nextmonth no-events day-with-date'><div class='mc-date-container'><span class='mc-date no-events'><span aria-hidden='true'>29<\/span><span class='screen-reader-text'>abril 29, 2026<\/span><\/span><\/div>\n<\/td>\n<td class='no-events jueves jue past-day past-date  nextmonth no-events day-with-date'><div class='mc-date-container'><span class='mc-date no-events'><span aria-hidden='true'>30<\/span><span class='screen-reader-text'>abril 30, 2026<\/span><\/span><\/div>\n<\/td>\n<td class='no-events viernes vie past-day past-date   no-events day-with-date'><div class='mc-date-container'><span class='mc-date no-events'><span aria-hidden='true'>1<\/span><span class='screen-reader-text'>mayo 1, 2026<\/span><\/span><\/div>\n<\/td>\n<td class='no-events sbado sb past-day past-date weekend  no-events day-with-date'><div class='mc-date-container'><span class='mc-date no-events'><span aria-hidden='true'>2<\/span><span class='screen-reader-text'>mayo 2, 2026<\/span><\/span><\/div>\n<\/td>\n<td class='no-events domingo dom past-day past-date weekend  no-events day-with-date'><div class='mc-date-container'><span class='mc-date no-events'><span aria-hidden='true'>3<\/span><span class='screen-reader-text'>mayo 3, 2026<\/span><\/span><\/div>\n<\/td>\n<\/tr>\n<!-- End Event Row -->\n<tr class='mc-row'><td class='no-events lunes lun past-day past-date   no-events day-with-date'><div class='mc-date-container'><span class='mc-date no-events'><span aria-hidden='true'>4<\/span><span class='screen-reader-text'>mayo 4, 2026<\/span><\/span><\/div>\n<\/td>\n<td class='no-events martes mar past-day past-date   no-events day-with-date'><div class='mc-date-container'><span class='mc-date no-events'><span aria-hidden='true'>5<\/span><span class='screen-reader-text'>mayo 5, 2026<\/span><\/span><\/div>\n<\/td>\n<td class='no-events mircoles mi past-day past-date   no-events day-with-date'><div class='mc-date-container'><span class='mc-date no-events'><span aria-hidden='true'>6<\/span><span class='screen-reader-text'>mayo 6, 2026<\/span><\/span><\/div>\n<\/td>\n<td class='no-events jueves jue past-day past-date   no-events day-with-date'><div class='mc-date-container'><span class='mc-date no-events'><span aria-hidden='true'>7<\/span><span class='screen-reader-text'>mayo 7, 2026<\/span><\/span><\/div>\n<\/td>\n<td class='no-events viernes vie past-day past-date   no-events day-with-date'><div class='mc-date-container'><span class='mc-date no-events'><span aria-hidden='true'>8<\/span><span class='screen-reader-text'>mayo 8, 2026<\/span><\/span><\/div>\n<\/td>\n<td class='no-events sbado sb past-day past-date weekend  no-events day-with-date'><div class='mc-date-container'><span class='mc-date no-events'><span aria-hidden='true'>9<\/span><span class='screen-reader-text'>mayo 9, 2026<\/span><\/span><\/div>\n<\/td>\n<td class='no-events domingo dom past-day past-date weekend  no-events day-with-date'><div class='mc-date-container'><span class='mc-date no-events'><span aria-hidden='true'>10<\/span><span class='screen-reader-text'>mayo 10, 2026<\/span><\/span><\/div>\n<\/td>\n<\/tr>\n<!-- End Event Row -->\n<tr class='mc-row'><td class='no-events lunes lun past-day past-date   no-events day-with-date'><div class='mc-date-container'><span class='mc-date no-events'><span aria-hidden='true'>11<\/span><span class='screen-reader-text'>mayo 11, 2026<\/span><\/span><\/div>\n<\/td>\n<td class='no-events martes mar past-day past-date   no-events day-with-date'><div class='mc-date-container'><span class='mc-date no-events'><span aria-hidden='true'>12<\/span><span class='screen-reader-text'>mayo 12, 2026<\/span><\/span><\/div>\n<\/td>\n<td aria-current=\"date\" class='no-events mircoles mi current-day   no-events day-with-date'><div class='mc-date-container'><span class='mc-date no-events'><span aria-hidden='true'>13<\/span><span class='screen-reader-text'>mayo 13, 2026<\/span><\/span><\/div>\n<\/td>\n<td class='no-events jueves jue future-day   no-events day-with-date'><div class='mc-date-container'><span class='mc-date no-events'><span aria-hidden='true'>14<\/span><span class='screen-reader-text'>mayo 14, 2026<\/span><\/span><\/div>\n<\/td>\n<td class='no-events viernes vie future-day   no-events day-with-date'><div class='mc-date-container'><span class='mc-date no-events'><span aria-hidden='true'>15<\/span><span class='screen-reader-text'>mayo 15, 2026<\/span><\/span><\/div>\n<\/td>\n<td class='no-events sbado sb future-day weekend  no-events day-with-date'><div class='mc-date-container'><span class='mc-date no-events'><span aria-hidden='true'>16<\/span><span class='screen-reader-text'>mayo 16, 2026<\/span><\/span><\/div>\n<\/td>\n<td class='no-events domingo dom future-day weekend  no-events day-with-date'><div class='mc-date-container'><span class='mc-date no-events'><span aria-hidden='true'>17<\/span><span class='screen-reader-text'>mayo 17, 2026<\/span><\/span><\/div>\n<\/td>\n<\/tr>\n<!-- End Event Row -->\n<tr class='mc-row'><td class='no-events lunes lun future-day   no-events day-with-date'><div class='mc-date-container'><span class='mc-date no-events'><span aria-hidden='true'>18<\/span><span class='screen-reader-text'>mayo 18, 2026<\/span><\/span><\/div>\n<\/td>\n<td class='no-events martes mar future-day   no-events day-with-date'><div class='mc-date-container'><span class='mc-date no-events'><span aria-hidden='true'>19<\/span><span class='screen-reader-text'>mayo 19, 2026<\/span><\/span><\/div>\n<\/td>\n<td class='no-events mircoles mi future-day   no-events day-with-date'><div class='mc-date-container'><span class='mc-date no-events'><span aria-hidden='true'>20<\/span><span class='screen-reader-text'>mayo 20, 2026<\/span><\/span><\/div>\n<\/td>\n<td class='no-events jueves jue future-day   no-events day-with-date'><div class='mc-date-container'><span class='mc-date no-events'><span aria-hidden='true'>21<\/span><span class='screen-reader-text'>mayo 21, 2026<\/span><\/span><\/div>\n<\/td>\n<td class='no-events viernes vie future-day   no-events day-with-date'><div class='mc-date-container'><span class='mc-date no-events'><span aria-hidden='true'>22<\/span><span class='screen-reader-text'>mayo 22, 2026<\/span><\/span><\/div>\n<\/td>\n<td class='no-events sbado sb future-day weekend  no-events day-with-date'><div class='mc-date-container'><span class='mc-date no-events'><span aria-hidden='true'>23<\/span><span class='screen-reader-text'>mayo 23, 2026<\/span><\/span><\/div>\n<\/td>\n<td class='no-events domingo dom future-day weekend  no-events day-with-date'><div class='mc-date-container'><span class='mc-date no-events'><span aria-hidden='true'>24<\/span><span class='screen-reader-text'>mayo 24, 2026<\/span><\/span><\/div>\n<\/td>\n<\/tr>\n<!-- End Event Row -->\n<tr class='mc-row'><td class='no-events lunes lun future-day   no-events day-with-date'><div class='mc-date-container'><span class='mc-date no-events'><span aria-hidden='true'>25<\/span><span class='screen-reader-text'>mayo 25, 2026<\/span><\/span><\/div>\n<\/td>\n<td class='no-events martes mar future-day   no-events day-with-date'><div class='mc-date-container'><span class='mc-date no-events'><span aria-hidden='true'>26<\/span><span class='screen-reader-text'>mayo 26, 2026<\/span><\/span><\/div>\n<\/td>\n<td class='no-events mircoles mi future-day   no-events day-with-date'><div class='mc-date-container'><span class='mc-date no-events'><span aria-hidden='true'>27<\/span><span class='screen-reader-text'>mayo 27, 2026<\/span><\/span><\/div>\n<\/td>\n<td class='no-events jueves jue future-day   no-events day-with-date'><div class='mc-date-container'><span class='mc-date no-events'><span aria-hidden='true'>28<\/span><span class='screen-reader-text'>mayo 28, 2026<\/span><\/span><\/div>\n<\/td>\n<td class='no-events viernes vie future-day   no-events day-with-date'><div class='mc-date-container'><span class='mc-date no-events'><span aria-hidden='true'>29<\/span><span class='screen-reader-text'>mayo 29, 2026<\/span><\/span><\/div>\n<\/td>\n<td class='no-events sbado sb future-day weekend  no-events day-with-date'><div class='mc-date-container'><span class='mc-date no-events'><span aria-hidden='true'>30<\/span><span class='screen-reader-text'>mayo 30, 2026<\/span><\/span><\/div>\n<\/td>\n<td class='no-events domingo dom future-day weekend  no-events day-with-date'><div class='mc-date-container'><span class='mc-date no-events'><span aria-hidden='true'>31<\/span><span class='screen-reader-text'>mayo 31, 2026<\/span><\/span><\/div>\n<\/td>\n<\/tr>\n<!-- End Event Row -->\n\n<\/tbody>\n<\/table><\/div><!-- .mc-content -->\n<nav class=\"my-calendar-navigation\" aria-label=\"Calendar (bottom)\">\n<div class=\"mc_bottomnav my-calendar-footer\"><div class=\"category-key no-icons\"><h2 class=\"maybe-hide\">Event Categories<\/h2>\n<ul>\n<li class=\"cat_general\"><button type=\"button\" class=\"mc-navigation-button\" id=\"mc_cat_1-availability-calendar\" data-href=\"https:\/\/thebaronhirschcommunity.org\/es\/my-calendar\/?mcat=1\" ><span class=\"category-color-sample no-icon\" style=\"background:#ffffcc;\"> &nbsp; <\/span><span class=\"mc-category-title\">General<\/span><\/button><\/li><li class='all-categories'><span class='mc-active' id='mc_cat_all-availability-calendar' tabindex='-1'>All Categories<\/span><\/li><\/ul><\/div><div class='mc-print'><a id='mc_print-availability-calendar' href='https:\/\/thebaronhirschcommunity.org\/es?cid=mc-print-view&#038;dy=1&#038;href=https%3A%2F%2Fthebaronhirschcommunity.org%2Fes%2Fwp-json%2Fwp%2Fv2%2Fpages%2F1509%2F&#038;month=5&#038;time=month&#038;yr=2026' rel='nofollow'><span class='mc-icon' aria-hidden='true'><\/span>Impresi\u00f3n<span class=\"maybe-hide\"> View<\/span><\/a><\/div><div class='mc-export mc-subscribe'>\r\n\t<ul><li class='ics google'><a href='https:\/\/www.google.com\/calendar\/render?cid=webcal:\/\/thebaronhirschcommunity.org\/es\/feed\/my-calendar-google\/' rel='nofollow'><span class='mc-icon' aria-hidden='true'><\/span><span class=\"maybe-hide\">Subscribe in <\/span>Google<\/a><\/li><li class='ics ical'><a href='webcal:\/\/thebaronhirschcommunity.org\/es\/feed\/my-calendar-google\/' rel='nofollow'><span class='mc-icon' aria-hidden='true'><\/span><span class=\"maybe-hide\">Subscribe in <\/span>iCal<\/a><\/li><\/ul>\r\n<\/div><div class='mc-export mc-download'>\r\n\t<ul><li class='ics google'><a href='https:\/\/www.google.com\/calendar\/render?cid=https:\/\/thebaronhirschcommunity.org\/es\/feed\/my-calendar-ics\/?dy=1&#038;month=5&#038;nmonth&#038;nyr&#038;time=month&#038;yr=2026' rel='nofollow'><span class='mc-icon' aria-hidden='true'><\/span><span class=\"maybe-hide\">Export to <\/span>Google<\/a><\/li><li class='ics ical'><a href='https:\/\/thebaronhirschcommunity.org\/es\/feed\/my-calendar-ics\/?dy=1&#038;month=5&#038;nmonth&#038;nyr&#038;time=month&#038;yr=2026' rel='nofollow'><span class='mc-icon' aria-hidden='true'><\/span><span class=\"maybe-hide\">Export to <\/span>iCal<\/a><\/li><\/ul>\r\n<\/div><\/div>\n<\/nav>\n\r\n<\/div><!-- Close Main My Calendar Wrapper --><\/h5>\n\n\n<p class=\"wp-block-paragraph\"><\/p>","protected":false},"excerpt":{"rendered":"<p>All empty dates are available for booking presentations CONTACT\u00a0 US \u00a0 to request a booking, send an inquiry or request a phone call<\/p>","protected":false},"author":1,"featured_media":0,"parent":0,"menu_order":0,"comment_status":"closed","ping_status":"closed","template":"","meta":{"_coblocks_attr":"","_coblocks_dimensions":"","_coblocks_responsive_height":"","_coblocks_accordion_ie_support":"","_crdt_document":"","_mc_calendar":[],"footnotes":""},"class_list":["post-1509","page","type-page","status-publish","hentry"],"yoast_head":"<!-- This site is optimized with the Yoast SEO Premium plugin v26.8 (Yoast SEO v27.6) - https:\/\/yoast.com\/product\/yoast-seo-premium-wordpress\/ -->\n<title>Booking Availability - The Baron Hirsch Jewish Farmers Community<\/title>\n<meta name=\"robots\" content=\"index, follow, max-snippet:-1, max-image-preview:large, max-video-preview:-1\" \/>\n<link rel=\"canonical\" href=\"https:\/\/thebaronhirschcommunity.org\/es\/my-calendar\/\" \/>\n<meta property=\"og:locale\" content=\"es_ES\" \/>\n<meta property=\"og:type\" content=\"article\" \/>\n<meta property=\"og:title\" content=\"Booking Availability\" \/>\n<meta property=\"og:description\" content=\"All empty dates are available for booking presentations CONTACT\u00a0 US \u00a0 to request a booking, send an inquiry or request a phone call\" \/>\n<meta property=\"og:url\" content=\"https:\/\/thebaronhirschcommunity.org\/es\/my-calendar\/\" \/>\n<meta property=\"og:site_name\" content=\"The Baron Hirsch Jewish Farmers Community\" \/>\n<meta property=\"article:modified_time\" content=\"2020-03-20T20:46:27+00:00\" \/>\n<meta name=\"twitter:card\" content=\"summary_large_image\" \/>\n<script type=\"application\/ld+json\" class=\"yoast-schema-graph\">{\"@context\":\"https:\\\/\\\/schema.org\",\"@graph\":[{\"@type\":\"WebPage\",\"@id\":\"https:\\\/\\\/thebaronhirschcommunity.org\\\/es\\\/my-calendar\\\/\",\"url\":\"https:\\\/\\\/thebaronhirschcommunity.org\\\/es\\\/my-calendar\\\/\",\"name\":\"Booking Availability - The Baron Hirsch Jewish Farmers Community\",\"isPartOf\":{\"@id\":\"https:\\\/\\\/thebaronhirschcommunity.org\\\/#website\"},\"datePublished\":\"2020-02-06T14:20:28+00:00\",\"dateModified\":\"2020-03-20T20:46:27+00:00\",\"breadcrumb\":{\"@id\":\"https:\\\/\\\/thebaronhirschcommunity.org\\\/es\\\/my-calendar\\\/#breadcrumb\"},\"inLanguage\":\"es-AR\",\"potentialAction\":[{\"@type\":\"ReadAction\",\"target\":[\"https:\\\/\\\/thebaronhirschcommunity.org\\\/es\\\/my-calendar\\\/\"]}]},{\"@type\":\"BreadcrumbList\",\"@id\":\"https:\\\/\\\/thebaronhirschcommunity.org\\\/es\\\/my-calendar\\\/#breadcrumb\",\"itemListElement\":[{\"@type\":\"ListItem\",\"position\":1,\"name\":\"Home\",\"item\":\"https:\\\/\\\/thebaronhirschcommunity.org\\\/\"},{\"@type\":\"ListItem\",\"position\":2,\"name\":\"Booking Availability\"}]},{\"@type\":\"WebSite\",\"@id\":\"https:\\\/\\\/thebaronhirschcommunity.org\\\/#website\",\"url\":\"https:\\\/\\\/thebaronhirschcommunity.org\\\/\",\"name\":\"The Baron Hirsch Jewish Farmers Community\",\"description\":\"Finding Stories of Jewish Farmers in the New World and their Descendants Worldwide\",\"potentialAction\":[{\"@type\":\"SearchAction\",\"target\":{\"@type\":\"EntryPoint\",\"urlTemplate\":\"https:\\\/\\\/thebaronhirschcommunity.org\\\/?s={search_term_string}\"},\"query-input\":{\"@type\":\"PropertyValueSpecification\",\"valueRequired\":true,\"valueName\":\"search_term_string\"}}],\"inLanguage\":\"es-AR\"}]}<\/script>\n<!-- \/ Yoast SEO Premium plugin. -->","yoast_head_json":{"title":"Booking Availability - The Baron Hirsch Jewish Farmers Community","robots":{"index":"index","follow":"follow","max-snippet":"max-snippet:-1","max-image-preview":"max-image-preview:large","max-video-preview":"max-video-preview:-1"},"canonical":"https:\/\/thebaronhirschcommunity.org\/es\/my-calendar\/","og_locale":"es_ES","og_type":"article","og_title":"Booking Availability","og_description":"All empty dates are available for booking presentations CONTACT\u00a0 US \u00a0 to request a booking, send an inquiry or request a phone call","og_url":"https:\/\/thebaronhirschcommunity.org\/es\/my-calendar\/","og_site_name":"The Baron Hirsch Jewish Farmers Community","article_modified_time":"2020-03-20T20:46:27+00:00","twitter_card":"summary_large_image","schema":{"@context":"https:\/\/schema.org","@graph":[{"@type":"WebPage","@id":"https:\/\/thebaronhirschcommunity.org\/es\/my-calendar\/","url":"https:\/\/thebaronhirschcommunity.org\/es\/my-calendar\/","name":"Booking Availability - The Baron Hirsch Jewish Farmers Community","isPartOf":{"@id":"https:\/\/thebaronhirschcommunity.org\/#website"},"datePublished":"2020-02-06T14:20:28+00:00","dateModified":"2020-03-20T20:46:27+00:00","breadcrumb":{"@id":"https:\/\/thebaronhirschcommunity.org\/es\/my-calendar\/#breadcrumb"},"inLanguage":"es-AR","potentialAction":[{"@type":"ReadAction","target":["https:\/\/thebaronhirschcommunity.org\/es\/my-calendar\/"]}]},{"@type":"BreadcrumbList","@id":"https:\/\/thebaronhirschcommunity.org\/es\/my-calendar\/#breadcrumb","itemListElement":[{"@type":"ListItem","position":1,"name":"Home","item":"https:\/\/thebaronhirschcommunity.org\/"},{"@type":"ListItem","position":2,"name":"Booking Availability"}]},{"@type":"WebSite","@id":"https:\/\/thebaronhirschcommunity.org\/#website","url":"https:\/\/thebaronhirschcommunity.org\/","name":"La comunidad de agricultores jud\u00edos del bar\u00f3n Hirsch","description":"Encontrar historias de agricultores jud\u00edos en el nuevo mundo y sus descendientes en todo el mundo","potentialAction":[{"@type":"SearchAction","target":{"@type":"EntryPoint","urlTemplate":"https:\/\/thebaronhirschcommunity.org\/?s={search_term_string}"},"query-input":{"@type":"PropertyValueSpecification","valueRequired":true,"valueName":"search_term_string"}}],"inLanguage":"es-AR"}]}},"jetpack_sharing_enabled":true,"jetpack_shortlink":"https:\/\/wp.me\/P8AcCB-ol","jetpack_likes_enabled":true,"amp_enabled":true,"_links":{"self":[{"href":"https:\/\/thebaronhirschcommunity.org\/es\/wp-json\/wp\/v2\/pages\/1509","targetHints":{"allow":["GET"]}}],"collection":[{"href":"https:\/\/thebaronhirschcommunity.org\/es\/wp-json\/wp\/v2\/pages"}],"about":[{"href":"https:\/\/thebaronhirschcommunity.org\/es\/wp-json\/wp\/v2\/types\/page"}],"author":[{"embeddable":true,"href":"https:\/\/thebaronhirschcommunity.org\/es\/wp-json\/wp\/v2\/users\/1"}],"replies":[{"embeddable":true,"href":"https:\/\/thebaronhirschcommunity.org\/es\/wp-json\/wp\/v2\/comments?post=1509"}],"version-history":[{"count":9,"href":"https:\/\/thebaronhirschcommunity.org\/es\/wp-json\/wp\/v2\/pages\/1509\/revisions"}],"predecessor-version":[{"id":1968,"href":"https:\/\/thebaronhirschcommunity.org\/es\/wp-json\/wp\/v2\/pages\/1509\/revisions\/1968"}],"wp:attachment":[{"href":"https:\/\/thebaronhirschcommunity.org\/es\/wp-json\/wp\/v2\/media?parent=1509"}],"curies":[{"name":"wp","href":"https:\/\/api.w.org\/{rel}","templated":true}]}}