{"id":2,"date":"2017-04-03T18:15:06","date_gmt":"2017-04-03T18:15:06","guid":{"rendered":"https:\/\/thebaronhirschcommunity.org\/?page_id=2"},"modified":"2020-03-29T17:54:13","modified_gmt":"2020-03-29T17:54:13","slug":"about","status":"publish","type":"page","link":"https:\/\/thebaronhirschcommunity.org\/es\/about\/","title":{"rendered":"La comunidad de agricultores jud\u00edos del bar\u00f3n Hirsch"},"content":{"rendered":"<figure class=\"wp-block-image size-large is-resized\"><a href=\"https:\/\/thebaronhirschcommunity.org\/es\/follow-thebaronhirschcommunity-org\/\"><img data-recalc-dims=\"1\" loading=\"lazy\" decoding=\"async\" data-attachment-id=\"627\" data-permalink=\"https:\/\/thebaronhirschcommunity.org\/es\/baron-hirsch-jewish-farming-communities\/follow-button\/\" data-orig-file=\"https:\/\/i0.wp.com\/thebaronhirschcommunity.org\/wp-content\/uploads\/2017\/04\/Follow-button-3643709618-1502743400148.png?fit=176%2C55&amp;ssl=1\" data-orig-size=\"176,55\" data-comments-opened=\"1\" data-image-meta=\"{&quot;aperture&quot;:&quot;0&quot;,&quot;credit&quot;:&quot;&quot;,&quot;camera&quot;:&quot;&quot;,&quot;caption&quot;:&quot;&quot;,&quot;created_timestamp&quot;:&quot;0&quot;,&quot;copyright&quot;:&quot;&quot;,&quot;focal_length&quot;:&quot;0&quot;,&quot;iso&quot;:&quot;0&quot;,&quot;shutter_speed&quot;:&quot;0&quot;,&quot;title&quot;:&quot;&quot;,&quot;orientation&quot;:&quot;0&quot;}\" data-image-title=\"Follow-button\" data-image-description=\"\" data-image-caption=\"\" data-large-file=\"https:\/\/i0.wp.com\/thebaronhirschcommunity.org\/wp-content\/uploads\/2017\/04\/Follow-button-3643709618-1502743400148.png?fit=176%2C55&amp;ssl=1\" src=\"https:\/\/i0.wp.com\/thebaronhirschcommunity.org\/wp-content\/uploads\/2017\/04\/Follow-button-3643709618-1502743400148.png?resize=118%2C37&#038;ssl=1\" alt=\"\" class=\"wp-image-627\" width=\"118\" height=\"37\"\/><\/a><\/figure>\n\n\n\n<div class=\"wp-block-image\"><figure class=\"alignleft is-resized\"><img data-recalc-dims=\"1\" loading=\"lazy\" decoding=\"async\" src=\"https:\/\/i0.wp.com\/thebaronhirschcommunity.org\/wp-content\/uploads\/2017\/08\/Maurice_de_Hirsch_-_Tableau-4103869261-1502743620636.jpg?resize=234%2C281&#038;ssl=1\" alt=\"Maurice_de_Hirsch_-_Tableau.jpg\" width=\"234\" height=\"281\"\/><\/figure><\/div>\n\n\n<p>Este blog est\u00e1 dise\u00f1ado para contar las historias de los agricultores jud\u00edos que el Bar\u00f3n Maurice de Hirsch apoy\u00f3 en Am\u00e9rica del Norte y del Sur y las historias de sus descendientes en todo el mundo.&nbsp;<\/p>\n<p>El blog propone unir a muchos de los beneficiarios actuales de la generosidad del Bar\u00f3n. Creemos que la cooperaci\u00f3n y el intercambio entre nosotros podr\u00eda dar lugar a muchas ideas y proyectos inspiradores y sorprendentes.<\/p>\n<p>Esperamos que nos env\u00ede sus historias y permiso para publicarlas a trav\u00e9s del formulario de respuesta a continuaci\u00f3n. Y si tiene una pregunta particular sobre este fen\u00f3meno de inmigraci\u00f3n, h\u00e1ganoslo saber. Investigaremos la respuesta y escribiremos una publicaci\u00f3n.<\/p>\n<p>A finales del siglo XIX y principios del XX, el bar\u00f3n Maurice de Hirsch, el constructor del Ferrocarril Viena-Constantinopla, y sus amigos, patrocinaron el asentamiento de jud\u00edos de Europa del Este en muchas tierras, pero principalmente en Am\u00e9rica del Norte y del Sur. Este blog presenta obras escritas y visuales que representan a los inmigrantes originales, pero tambi\u00e9n relata los logros de los descendientes de estos inmigrantes. Y hay muchos logros. Nuestros antepasados eran personas valientes e ingeniosas al igual que sus nietos grandiosos.&nbsp;<\/p>\n\n\n\n\n<p class=\"wp-block-paragraph\"><strong>M\u00c1S SOBRE BARON HIRSCH<\/strong><\/p>\n\n\n\n<p class=\"wp-block-paragraph\">\u00bfSab\u00edas que amazon.com vende m\u00e1s de 50 libros diferentes sobre la vida y obra del bar\u00f3n Hirsch? Ir <a href=\"https:\/\/www.amazon.com\/s?k=Baron+Hirsch&amp;i=stripbooks&amp;ref=nb_sb_noss_2\">https:\/\/www.amazon.com\/s?k=Baron+Hirsch&amp;i=stripbooks&amp;ref=nb_sb_noss_2<\/a><\/p>\n\n\n\n<p class=\"wp-block-paragraph\">Adem\u00e1s, consulte este breve resumen del trabajo del bar\u00f3n Hirsch con los agricultores jud\u00edos.<\/p>\n\n\n\n<p class=\"wp-block-paragraph\"><a href=\"https:\/\/reformjudaism.org\/blog\/2016\/10\/18\/how-connecticuts-jewish-farmers-exemplify-power-philanthropy\">https:\/\/reformjudaism.org\/blog\/2016\/10\/18\/how-connecticuts-jewish-farmers-exemplify-power-philanthropy<\/a><\/p>\n\n\n\n<p class=\"wp-block-paragraph\">Y para toda la historia, lea la historia oficial de la Agencia de Colonizaci\u00f3n Jud\u00eda, <strong><em>Un brazo extendido<\/em><\/strong>. \u00a0<a href=\"https:\/\/archive.org\/stream\/cu31924011030396\/cu31924011030396_djvu.txt\">https:\/\/archive.org\/stream\/cu31924011030396\/cu31924011030396_djvu.txt<\/a><\/p>\n\n\n\n<p class=\"wp-block-paragraph\"><\/p>","protected":false},"excerpt":{"rendered":"<p>This is just a short excerpt for the about&nbsp;page.<\/p>","protected":false},"author":1,"featured_media":0,"parent":0,"menu_order":1,"comment_status":"open","ping_status":"closed","template":"","meta":{"_coblocks_attr":"","_coblocks_dimensions":"","_coblocks_responsive_height":"","_coblocks_accordion_ie_support":"","_crdt_document":"","_mc_calendar":[],"footnotes":""},"class_list":["post-2","page","type-page","status-publish","hentry"],"yoast_head":"<!-- This site is optimized with the Yoast SEO Premium plugin v26.8 (Yoast SEO v27.4) - https:\/\/yoast.com\/product\/yoast-seo-premium-wordpress\/ -->\n<title>The Baron Hirsch Jewish Farmers Community - The Baron Hirsch Jewish Farmers Community<\/title>\n<meta name=\"robots\" content=\"index, follow, max-snippet:-1, max-image-preview:large, max-video-preview:-1\" \/>\n<link rel=\"canonical\" href=\"https:\/\/thebaronhirschcommunity.org\/es\/about\/\" \/>\n<meta property=\"og:locale\" content=\"es_ES\" \/>\n<meta property=\"og:type\" content=\"article\" \/>\n<meta property=\"og:title\" content=\"The Baron Hirsch Jewish Farmers Community\" \/>\n<meta property=\"og:description\" content=\"This is just a short excerpt for the about&nbsp;page.\" \/>\n<meta property=\"og:url\" content=\"https:\/\/thebaronhirschcommunity.org\/es\/about\/\" \/>\n<meta property=\"og:site_name\" content=\"The Baron Hirsch Jewish Farmers Community\" \/>\n<meta property=\"article:modified_time\" content=\"2020-03-29T17:54:13+00:00\" \/>\n<meta property=\"og:image\" content=\"https:\/\/thebaronhirschcommunity.org\/wp-content\/uploads\/2017\/04\/Follow-button-3643709618-1502743400148.png\" \/>\n<meta name=\"twitter:card\" content=\"summary_large_image\" \/>\n<meta name=\"twitter:label1\" content=\"Tiempo de lectura\" \/>\n\t<meta name=\"twitter:data1\" content=\"1 minuto\" \/>\n<script type=\"application\/ld+json\" class=\"yoast-schema-graph\">{\"@context\":\"https:\\\/\\\/schema.org\",\"@graph\":[{\"@type\":\"WebPage\",\"@id\":\"https:\\\/\\\/thebaronhirschcommunity.org\\\/about\\\/\",\"url\":\"https:\\\/\\\/thebaronhirschcommunity.org\\\/about\\\/\",\"name\":\"The Baron Hirsch Jewish Farmers Community - The Baron Hirsch Jewish Farmers Community\",\"isPartOf\":{\"@id\":\"https:\\\/\\\/thebaronhirschcommunity.org\\\/#website\"},\"primaryImageOfPage\":{\"@id\":\"https:\\\/\\\/thebaronhirschcommunity.org\\\/about\\\/#primaryimage\"},\"image\":{\"@id\":\"https:\\\/\\\/thebaronhirschcommunity.org\\\/about\\\/#primaryimage\"},\"thumbnailUrl\":\"https:\\\/\\\/thebaronhirschcommunity.org\\\/wp-content\\\/uploads\\\/2017\\\/04\\\/Follow-button-3643709618-1502743400148.png\",\"datePublished\":\"2017-04-03T18:15:06+00:00\",\"dateModified\":\"2020-03-29T17:54:13+00:00\",\"breadcrumb\":{\"@id\":\"https:\\\/\\\/thebaronhirschcommunity.org\\\/about\\\/#breadcrumb\"},\"inLanguage\":\"es-AR\",\"potentialAction\":[{\"@type\":\"ReadAction\",\"target\":[\"https:\\\/\\\/thebaronhirschcommunity.org\\\/about\\\/\"]}]},{\"@type\":\"ImageObject\",\"inLanguage\":\"es-AR\",\"@id\":\"https:\\\/\\\/thebaronhirschcommunity.org\\\/about\\\/#primaryimage\",\"url\":\"https:\\\/\\\/thebaronhirschcommunity.org\\\/wp-content\\\/uploads\\\/2017\\\/04\\\/Follow-button-3643709618-1502743400148.png\",\"contentUrl\":\"https:\\\/\\\/thebaronhirschcommunity.org\\\/wp-content\\\/uploads\\\/2017\\\/04\\\/Follow-button-3643709618-1502743400148.png\"},{\"@type\":\"BreadcrumbList\",\"@id\":\"https:\\\/\\\/thebaronhirschcommunity.org\\\/about\\\/#breadcrumb\",\"itemListElement\":[{\"@type\":\"ListItem\",\"position\":1,\"name\":\"Home\",\"item\":\"https:\\\/\\\/thebaronhirschcommunity.org\\\/\"},{\"@type\":\"ListItem\",\"position\":2,\"name\":\"The Baron Hirsch Jewish Farmers Community\"}]},{\"@type\":\"WebSite\",\"@id\":\"https:\\\/\\\/thebaronhirschcommunity.org\\\/#website\",\"url\":\"https:\\\/\\\/thebaronhirschcommunity.org\\\/\",\"name\":\"The Baron Hirsch Jewish Farmers Community\",\"description\":\"Finding Stories of Jewish Farmers in the New World and their Descendants Worldwide\",\"potentialAction\":[{\"@type\":\"SearchAction\",\"target\":{\"@type\":\"EntryPoint\",\"urlTemplate\":\"https:\\\/\\\/thebaronhirschcommunity.org\\\/?s={search_term_string}\"},\"query-input\":{\"@type\":\"PropertyValueSpecification\",\"valueRequired\":true,\"valueName\":\"search_term_string\"}}],\"inLanguage\":\"es-AR\"}]}<\/script>\n<!-- \/ Yoast SEO Premium plugin. -->","yoast_head_json":{"title":"The Baron Hirsch Jewish Farmers Community - The Baron Hirsch Jewish Farmers Community","robots":{"index":"index","follow":"follow","max-snippet":"max-snippet:-1","max-image-preview":"max-image-preview:large","max-video-preview":"max-video-preview:-1"},"canonical":"https:\/\/thebaronhirschcommunity.org\/es\/about\/","og_locale":"es_ES","og_type":"article","og_title":"The Baron Hirsch Jewish Farmers Community","og_description":"This is just a short excerpt for the about&nbsp;page.","og_url":"https:\/\/thebaronhirschcommunity.org\/es\/about\/","og_site_name":"The Baron Hirsch Jewish Farmers Community","article_modified_time":"2020-03-29T17:54:13+00:00","og_image":[{"url":"https:\/\/thebaronhirschcommunity.org\/wp-content\/uploads\/2017\/04\/Follow-button-3643709618-1502743400148.png","type":"","width":"","height":""}],"twitter_card":"summary_large_image","twitter_misc":{"Tiempo de lectura":"1 minuto"},"schema":{"@context":"https:\/\/schema.org","@graph":[{"@type":"WebPage","@id":"https:\/\/thebaronhirschcommunity.org\/about\/","url":"https:\/\/thebaronhirschcommunity.org\/about\/","name":"The Baron Hirsch Jewish Farmers Community - The Baron Hirsch Jewish Farmers Community","isPartOf":{"@id":"https:\/\/thebaronhirschcommunity.org\/#website"},"primaryImageOfPage":{"@id":"https:\/\/thebaronhirschcommunity.org\/about\/#primaryimage"},"image":{"@id":"https:\/\/thebaronhirschcommunity.org\/about\/#primaryimage"},"thumbnailUrl":"https:\/\/thebaronhirschcommunity.org\/wp-content\/uploads\/2017\/04\/Follow-button-3643709618-1502743400148.png","datePublished":"2017-04-03T18:15:06+00:00","dateModified":"2020-03-29T17:54:13+00:00","breadcrumb":{"@id":"https:\/\/thebaronhirschcommunity.org\/about\/#breadcrumb"},"inLanguage":"es-AR","potentialAction":[{"@type":"ReadAction","target":["https:\/\/thebaronhirschcommunity.org\/about\/"]}]},{"@type":"ImageObject","inLanguage":"es-AR","@id":"https:\/\/thebaronhirschcommunity.org\/about\/#primaryimage","url":"https:\/\/thebaronhirschcommunity.org\/wp-content\/uploads\/2017\/04\/Follow-button-3643709618-1502743400148.png","contentUrl":"https:\/\/thebaronhirschcommunity.org\/wp-content\/uploads\/2017\/04\/Follow-button-3643709618-1502743400148.png"},{"@type":"BreadcrumbList","@id":"https:\/\/thebaronhirschcommunity.org\/about\/#breadcrumb","itemListElement":[{"@type":"ListItem","position":1,"name":"Home","item":"https:\/\/thebaronhirschcommunity.org\/"},{"@type":"ListItem","position":2,"name":"The Baron Hirsch Jewish Farmers Community"}]},{"@type":"WebSite","@id":"https:\/\/thebaronhirschcommunity.org\/#website","url":"https:\/\/thebaronhirschcommunity.org\/","name":"La comunidad de agricultores jud\u00edos del bar\u00f3n Hirsch","description":"Encontrar historias de agricultores jud\u00edos en el nuevo mundo y sus descendientes en todo el mundo","potentialAction":[{"@type":"SearchAction","target":{"@type":"EntryPoint","urlTemplate":"https:\/\/thebaronhirschcommunity.org\/?s={search_term_string}"},"query-input":{"@type":"PropertyValueSpecification","valueRequired":true,"valueName":"search_term_string"}}],"inLanguage":"es-AR"}]}},"jetpack_sharing_enabled":true,"jetpack_shortlink":"https:\/\/wp.me\/P8AcCB-2","jetpack_likes_enabled":true,"amp_enabled":true,"_links":{"self":[{"href":"https:\/\/thebaronhirschcommunity.org\/es\/wp-json\/wp\/v2\/pages\/2","targetHints":{"allow":["GET"]}}],"collection":[{"href":"https:\/\/thebaronhirschcommunity.org\/es\/wp-json\/wp\/v2\/pages"}],"about":[{"href":"https:\/\/thebaronhirschcommunity.org\/es\/wp-json\/wp\/v2\/types\/page"}],"author":[{"embeddable":true,"href":"https:\/\/thebaronhirschcommunity.org\/es\/wp-json\/wp\/v2\/users\/1"}],"replies":[{"embeddable":true,"href":"https:\/\/thebaronhirschcommunity.org\/es\/wp-json\/wp\/v2\/comments?post=2"}],"version-history":[{"count":15,"href":"https:\/\/thebaronhirschcommunity.org\/es\/wp-json\/wp\/v2\/pages\/2\/revisions"}],"predecessor-version":[{"id":2249,"href":"https:\/\/thebaronhirschcommunity.org\/es\/wp-json\/wp\/v2\/pages\/2\/revisions\/2249"}],"wp:attachment":[{"href":"https:\/\/thebaronhirschcommunity.org\/es\/wp-json\/wp\/v2\/media?parent=2"}],"curies":[{"name":"wp","href":"https:\/\/api.w.org\/{rel}","templated":true}]}}