{"id":2104,"date":"2020-03-25T21:30:32","date_gmt":"2020-03-25T21:30:32","guid":{"rendered":"https:\/\/thebaronhirschcommunity.org\/?page_id=2104"},"modified":"2020-07-18T02:31:49","modified_gmt":"2020-07-18T02:31:49","slug":"follow-thebaronhirschcommunity-org","status":"publish","type":"page","link":"https:\/\/thebaronhirschcommunity.org\/es\/follow-thebaronhirschcommunity-org\/","title":{"rendered":"No te pierdas ninguna de las historias de Baron Hirsch"},"content":{"rendered":"<h4 class=\"wp-block-heading\">Ingrese su correo electr\u00f3nico para recibir notificaciones de nuevas publicaciones<\/h4>\n\n\n<div class=\"wp-block-jetpack-subscriptions__supports-newline wp-block-jetpack-subscriptions__use-newline wp-block-jetpack-subscriptions\">\n\t\t<div>\n\t\t\t<div>\n\t\t\t\t<div>\n\t\t\t\t\t<p >\n\t\t\t\t\t\t<a href=\"https:\/\/thebaronhirschcommunity.org\/es\/?post_type=page&#038;p=2104\" style=\"font-size: 16px;padding: 15px 23px 15px 23px;margin-top: 10px;border-radius: 0px;border-width: 1px; background-color: #113AF5; color: #FFFFFF; text-decoration: none; white-space: nowrap; margin-left: 0\">Suscribir<\/a>\n\t\t\t\t\t<\/p>\n\t\t\t\t<\/div>\n\t\t\t<\/div>\n\t\t<\/div>\n\t<\/div>","protected":false},"excerpt":{"rendered":"<p>Ingrese su correo electr\u00f3nico para recibir notificaciones de nuevas publicaciones<\/p>","protected":false},"author":1,"featured_media":0,"parent":0,"menu_order":0,"comment_status":"closed","ping_status":"closed","template":"","meta":{"_coblocks_attr":"","_coblocks_dimensions":"","_coblocks_responsive_height":"","_coblocks_accordion_ie_support":"","_crdt_document":"","_mc_calendar":[],"footnotes":""},"class_list":["post-2104","page","type-page","status-publish","hentry"],"yoast_head":"<!-- This site is optimized with the Yoast SEO Premium plugin v26.8 (Yoast SEO v27.5) - https:\/\/yoast.com\/product\/yoast-seo-premium-wordpress\/ -->\n<title>Don&#039;t miss any of the Baron Hirsch stories - The Baron Hirsch Jewish Farmers Community<\/title>\n<meta name=\"robots\" content=\"index, follow, max-snippet:-1, max-image-preview:large, max-video-preview:-1\" \/>\n<link rel=\"canonical\" href=\"https:\/\/thebaronhirschcommunity.org\/es\/follow-thebaronhirschcommunity-org\/\" \/>\n<meta property=\"og:locale\" content=\"es_ES\" \/>\n<meta property=\"og:type\" content=\"article\" \/>\n<meta property=\"og:title\" content=\"Don&#039;t miss any of the Baron Hirsch stories\" \/>\n<meta property=\"og:description\" content=\"Please enter your email to receive notifications of new posts\" \/>\n<meta property=\"og:url\" content=\"https:\/\/thebaronhirschcommunity.org\/es\/follow-thebaronhirschcommunity-org\/\" \/>\n<meta property=\"og:site_name\" content=\"The Baron Hirsch Jewish Farmers Community\" \/>\n<meta property=\"article:modified_time\" content=\"2020-07-18T02:31:49+00:00\" \/>\n<meta name=\"twitter:card\" content=\"summary_large_image\" \/>\n<script type=\"application\/ld+json\" class=\"yoast-schema-graph\">{\"@context\":\"https:\\\/\\\/schema.org\",\"@graph\":[{\"@type\":\"WebPage\",\"@id\":\"https:\\\/\\\/thebaronhirschcommunity.org\\\/es\\\/follow-thebaronhirschcommunity-org\\\/\",\"url\":\"https:\\\/\\\/thebaronhirschcommunity.org\\\/es\\\/follow-thebaronhirschcommunity-org\\\/\",\"name\":\"Don't miss any of the Baron Hirsch stories - The Baron Hirsch Jewish Farmers Community\",\"isPartOf\":{\"@id\":\"https:\\\/\\\/thebaronhirschcommunity.org\\\/#website\"},\"datePublished\":\"2020-03-25T21:30:32+00:00\",\"dateModified\":\"2020-07-18T02:31:49+00:00\",\"breadcrumb\":{\"@id\":\"https:\\\/\\\/thebaronhirschcommunity.org\\\/es\\\/follow-thebaronhirschcommunity-org\\\/#breadcrumb\"},\"inLanguage\":\"es-AR\",\"potentialAction\":[{\"@type\":\"ReadAction\",\"target\":[\"https:\\\/\\\/thebaronhirschcommunity.org\\\/es\\\/follow-thebaronhirschcommunity-org\\\/\"]}]},{\"@type\":\"BreadcrumbList\",\"@id\":\"https:\\\/\\\/thebaronhirschcommunity.org\\\/es\\\/follow-thebaronhirschcommunity-org\\\/#breadcrumb\",\"itemListElement\":[{\"@type\":\"ListItem\",\"position\":1,\"name\":\"Home\",\"item\":\"https:\\\/\\\/thebaronhirschcommunity.org\\\/\"},{\"@type\":\"ListItem\",\"position\":2,\"name\":\"Don&#8217;t miss any of the Baron Hirsch stories\"}]},{\"@type\":\"WebSite\",\"@id\":\"https:\\\/\\\/thebaronhirschcommunity.org\\\/#website\",\"url\":\"https:\\\/\\\/thebaronhirschcommunity.org\\\/\",\"name\":\"The Baron Hirsch Jewish Farmers Community\",\"description\":\"Finding Stories of Jewish Farmers in the New World and their Descendants Worldwide\",\"potentialAction\":[{\"@type\":\"SearchAction\",\"target\":{\"@type\":\"EntryPoint\",\"urlTemplate\":\"https:\\\/\\\/thebaronhirschcommunity.org\\\/?s={search_term_string}\"},\"query-input\":{\"@type\":\"PropertyValueSpecification\",\"valueRequired\":true,\"valueName\":\"search_term_string\"}}],\"inLanguage\":\"es-AR\"}]}<\/script>\n<!-- \/ Yoast SEO Premium plugin. -->","yoast_head_json":{"title":"Don't miss any of the Baron Hirsch stories - The Baron Hirsch Jewish Farmers Community","robots":{"index":"index","follow":"follow","max-snippet":"max-snippet:-1","max-image-preview":"max-image-preview:large","max-video-preview":"max-video-preview:-1"},"canonical":"https:\/\/thebaronhirschcommunity.org\/es\/follow-thebaronhirschcommunity-org\/","og_locale":"es_ES","og_type":"article","og_title":"Don't miss any of the Baron Hirsch stories","og_description":"Please enter your email to receive notifications of new posts","og_url":"https:\/\/thebaronhirschcommunity.org\/es\/follow-thebaronhirschcommunity-org\/","og_site_name":"The Baron Hirsch Jewish Farmers Community","article_modified_time":"2020-07-18T02:31:49+00:00","twitter_card":"summary_large_image","schema":{"@context":"https:\/\/schema.org","@graph":[{"@type":"WebPage","@id":"https:\/\/thebaronhirschcommunity.org\/es\/follow-thebaronhirschcommunity-org\/","url":"https:\/\/thebaronhirschcommunity.org\/es\/follow-thebaronhirschcommunity-org\/","name":"Don't miss any of the Baron Hirsch stories - The Baron Hirsch Jewish Farmers Community","isPartOf":{"@id":"https:\/\/thebaronhirschcommunity.org\/#website"},"datePublished":"2020-03-25T21:30:32+00:00","dateModified":"2020-07-18T02:31:49+00:00","breadcrumb":{"@id":"https:\/\/thebaronhirschcommunity.org\/es\/follow-thebaronhirschcommunity-org\/#breadcrumb"},"inLanguage":"es-AR","potentialAction":[{"@type":"ReadAction","target":["https:\/\/thebaronhirschcommunity.org\/es\/follow-thebaronhirschcommunity-org\/"]}]},{"@type":"BreadcrumbList","@id":"https:\/\/thebaronhirschcommunity.org\/es\/follow-thebaronhirschcommunity-org\/#breadcrumb","itemListElement":[{"@type":"ListItem","position":1,"name":"Home","item":"https:\/\/thebaronhirschcommunity.org\/"},{"@type":"ListItem","position":2,"name":"Don&#8217;t miss any of the Baron Hirsch stories"}]},{"@type":"WebSite","@id":"https:\/\/thebaronhirschcommunity.org\/#website","url":"https:\/\/thebaronhirschcommunity.org\/","name":"La comunidad de agricultores jud\u00edos del bar\u00f3n Hirsch","description":"Encontrar historias de agricultores jud\u00edos en el nuevo mundo y sus descendientes en todo el mundo","potentialAction":[{"@type":"SearchAction","target":{"@type":"EntryPoint","urlTemplate":"https:\/\/thebaronhirschcommunity.org\/?s={search_term_string}"},"query-input":{"@type":"PropertyValueSpecification","valueRequired":true,"valueName":"search_term_string"}}],"inLanguage":"es-AR"}]}},"jetpack_sharing_enabled":true,"jetpack_shortlink":"https:\/\/wp.me\/P8AcCB-xW","jetpack_likes_enabled":true,"amp_enabled":true,"_links":{"self":[{"href":"https:\/\/thebaronhirschcommunity.org\/es\/wp-json\/wp\/v2\/pages\/2104","targetHints":{"allow":["GET"]}}],"collection":[{"href":"https:\/\/thebaronhirschcommunity.org\/es\/wp-json\/wp\/v2\/pages"}],"about":[{"href":"https:\/\/thebaronhirschcommunity.org\/es\/wp-json\/wp\/v2\/types\/page"}],"author":[{"embeddable":true,"href":"https:\/\/thebaronhirschcommunity.org\/es\/wp-json\/wp\/v2\/users\/1"}],"replies":[{"embeddable":true,"href":"https:\/\/thebaronhirschcommunity.org\/es\/wp-json\/wp\/v2\/comments?post=2104"}],"version-history":[{"count":6,"href":"https:\/\/thebaronhirschcommunity.org\/es\/wp-json\/wp\/v2\/pages\/2104\/revisions"}],"predecessor-version":[{"id":3242,"href":"https:\/\/thebaronhirschcommunity.org\/es\/wp-json\/wp\/v2\/pages\/2104\/revisions\/3242"}],"wp:attachment":[{"href":"https:\/\/thebaronhirschcommunity.org\/es\/wp-json\/wp\/v2\/media?parent=2104"}],"curies":[{"name":"wp","href":"https:\/\/api.w.org\/{rel}","templated":true}]}}